{"id":2,"date":"2023-03-23T23:17:23","date_gmt":"2023-03-23T22:17:23","guid":{"rendered":"http:\/\/xn--aroulepournous-fjb.fr\/?page_id=2"},"modified":"2023-03-31T09:42:17","modified_gmt":"2023-03-31T07:42:17","slug":"l-itineraire","status":"publish","type":"page","link":"https:\/\/caroulepournous.fr\/index.php\/l-itineraire\/","title":{"rendered":"L&rsquo;itin\u00e9raire"},"content":{"rendered":"\n<p>Voil\u00e0, nous y sommes ! Il y a quelques ann\u00e9es, les parents ont fait leurs propres roads trips. Depuis nos retours respectifs, nous avons repris le travail, agrandit notre famille, mis de c\u00f4t\u00e9 chaque mois pour r\u00e9aliser un de nos r\u00eaves\u00a0: repartir avec notre petite tribu pour un tour du monde en v\u00e9lo (enfin presque).<\/p>\n\n\n\n<p>Nous avons pr\u00e9par\u00e9 notre voyage tout en nous occupant de notre petite derni\u00e8re \u00e2g\u00e9e de quelques jours et des 2 plus grands (qui ne sont pas encore si grands que cela). Par cons\u00e9quent, ce n\u2019est pas dit qu\u2019il n\u2019y ait pas quelques loup\u00e9s, mais\u2026 nous nous d\u00e9brouillerons bien&nbsp;!<\/p>\n\n\n\n<p>Une fois l&rsquo;id\u00e9e de partir une ann\u00e9e en v\u00e9lo acquise, il a fallu choisir un itin\u00e9raire. Des heures \u00e0 r\u00eaver&nbsp;devant des cartes, jongler avec les saisons pour esp\u00e9rer une m\u00e9t\u00e9o cl\u00e9mente, le r\u00eave d\u2019une immensit\u00e9 nature, le d\u00e9nivel\u00e9 r\u00e9alisable, les animaux que les enfants veulent voir, l\u2019impact carbone avec les vols en avions, \u2026Cela a rythm\u00e9 et anim\u00e9 la conversation de nombreux repas&nbsp;!<\/p>\n\n\n\n<p>Au final, le trajet probable pour l\u2019ann\u00e9e \u00e0 venir se pr\u00e9sente de cette mani\u00e8re, d\u00e9coup\u00e9 en 3 \u00e9tapes :<\/p>\n\n\n\n<ol class=\"wp-block-list\">\n<li>la Great Divide Moutain Bike Road au Canada et Etats-Unis. La r\u00e9alit\u00e9 nous obligera \u00e0 ne pas la faire enti\u00e8rement, nous verrons sur place les kms que nous ferons avec tout notre \u00e9quipement.<\/li>\n\n\n\n<li>Le Mexique en passant de la Basse Californie jusqu\u2019au Yucatan<\/li>\n\n\n\n<li>l\u2019Afrique du Sud, le Lesotho et le Swaziland pour finir avant de rentrer vers notre ch\u00e8re France.<\/li>\n<\/ol>\n\n\n\n<p>Alors, si vous souhaitez nous suivre sans avoir mal aux fesses, en selle sur ce blog !<\/p>\n\n\n\n<hr class=\"wp-block-separator has-alpha-channel-opacity\"\/>\n\n\n\n<p>Pour en savoir un peu plus sur les pays que nous souhaitons explorer :<\/p>\n\n\n\n<h2 class=\"wp-block-heading\">1<sup>\u00e8re<\/sup> etape&nbsp;: Canada \u2013 Etats-Unis<\/h2>\n\n\n\n<p><\/p>\n\n\n\n<p>La Great Divide Mountain Bike Route (GDMBR) est l\u2019itin\u00e9raire cycliste hors-piste le plus connu et le plus important des \u00c9tats-Unis, voire certainement du monde entier. Cet itin\u00e9raire traverse \u00e0 plusieurs reprises la ligne de partage des eaux entre d\u2019une part le&nbsp;bassin versant&nbsp;de l\u2019oc\u00e9an Pacifique&nbsp;et d\u2019autre part ceux des&nbsp;oc\u00e9ans Arctique&nbsp;et&nbsp;Atlantique. De Banff au Canada, \u00e0 la fronti\u00e8re entre les \u00c9tats-Unis et le Mexique, \u00e0 Antelope Wells dans l\u2019\u00c9tat du Nouveau-Mexique. Cela repr\u00e9sente 4339 km de routes de gravier, de singletracks, de petites villes et de ranchs ruraux. Des mont\u00e9es et des descentes de cols, et un peu de bitume pour relier le tout en une seule ligne ininterrompue.<\/p>\n\n\n\n<p>Merci \u00e0 Laetitia et Sylvain (\u00ab&nbsp;onprendletempsdem&nbsp;\u00bb) \u00e0 qui nous avons achet\u00e9 le tandem et qui ont, en partie, r\u00e9alis\u00e9 cet itin\u00e9raire avec leurs 2 enfants ainsi qu&rsquo;\u00e0 Olivier (\u00ab&nbsp;Prends ma roue&nbsp;\u00bb) pour leurs pr\u00e9cieux conseils et les heures pass\u00e9es \u00e0 parler du projet.<\/p>\n\n\n\n<p><\/p>\n\n\n\n<h2 class=\"wp-block-heading\">2<sup>\u00e8me<\/sup> \u00e9tape&nbsp;: Mexique<\/h2>\n\n\n\n<p><\/p>\n\n\n\n<p>Un monde \u00e0 part&nbsp;: c\u2019est peut-\u00eatre la seule fa\u00e7on de d\u00e9finir la&nbsp;Basse Californie&nbsp;au Mexique. Cette p\u00e9ninsule se d\u00e9cline sur 1 700 km entre le Pacifique et la mer de Cort\u00e9s, et on pourrait facilement passer d\u2019une c\u00f4te \u00e0 l\u2019autre puisque seulement environ 80 km les s\u00e9parent. Mais voil\u00e0, il faut zigzaguer entre les massifs montagneux, traverser des d\u00e9serts o\u00f9 on peut ne rencontrer personne pendant des dizaines de kilom\u00e8tres.<\/p>\n\n\n\n<p>Entre la Basse Californie et le Yucatan, il y a\u2026juste quelques dizaines de kms, l\u2019aventure nous dira de quelle mani\u00e8re nous les effectuerons\u2026<\/p>\n\n\n\n<p>La p\u00e9ninsule du Yucat\u00e1n se trouve sur le golfe du Mexique, faisant face \u00e0 Cuba et \u00e0 la Floride. Elle englobe les \u00c9tats du Yucat\u00e1n, du Quintana Roo et une partie du Campeche. Le Yucat\u00e1n poss\u00e8de les plus belles plage du Mexique, aux eaux turquoises et au sable blanc.. Enfin, le Yucat\u00e1n est surtout l&rsquo;ancien pays maya, o\u00f9 l&rsquo;on peut visiter des sites arch\u00e9ologiques de premier plan comme Chich\u00e9n Itz\u00e1 et Tulum.<\/p>\n\n\n\n<p>Notre amie L\u00e9a, qui a v\u00e9cu au Mexique, nous a gentiment concoct\u00e9 un itin\u00e9raire pour avoir un circuit v\u00e9lo moins touristique, \u00e0 d\u00e9couvrir dans quelques mois&nbsp;!<\/p>\n\n\n\n<p><\/p>\n\n\n\n<figure class=\"wp-block-image size-large\"><img loading=\"lazy\" decoding=\"async\" width=\"1024\" height=\"768\" src=\"https:\/\/xn--aroulepournous-fjb.fr\/wp-content\/uploads\/2023\/03\/itineraire-canada-etats-unis-mexique-dans-onglet-itineraire-1024x768.jpg\" alt=\"\" class=\"wp-image-44\" srcset=\"https:\/\/caroulepournous.fr\/wp-content\/uploads\/2023\/03\/itineraire-canada-etats-unis-mexique-dans-onglet-itineraire-1024x768.jpg 1024w, https:\/\/caroulepournous.fr\/wp-content\/uploads\/2023\/03\/itineraire-canada-etats-unis-mexique-dans-onglet-itineraire-300x225.jpg 300w, https:\/\/caroulepournous.fr\/wp-content\/uploads\/2023\/03\/itineraire-canada-etats-unis-mexique-dans-onglet-itineraire-768x576.jpg 768w, https:\/\/caroulepournous.fr\/wp-content\/uploads\/2023\/03\/itineraire-canada-etats-unis-mexique-dans-onglet-itineraire-1536x1152.jpg 1536w, https:\/\/caroulepournous.fr\/wp-content\/uploads\/2023\/03\/itineraire-canada-etats-unis-mexique-dans-onglet-itineraire-2048x1536.jpg 2048w, https:\/\/caroulepournous.fr\/wp-content\/uploads\/2023\/03\/itineraire-canada-etats-unis-mexique-dans-onglet-itineraire-1600x1200.jpg 1600w, https:\/\/caroulepournous.fr\/wp-content\/uploads\/2023\/03\/itineraire-canada-etats-unis-mexique-dans-onglet-itineraire-780x585.jpg 780w\" sizes=\"auto, (max-width: 1024px) 100vw, 1024px\" \/><\/figure>\n\n\n\n<p><\/p>\n\n\n\n<figure class=\"wp-block-image size-large\"><img loading=\"lazy\" decoding=\"async\" width=\"1024\" height=\"768\" src=\"https:\/\/xn--aroulepournous-fjb.fr\/wp-content\/uploads\/2023\/03\/itineraire-canada-etats-unis-mexique-dans-onglet-itineraire-zoom-1024x768.jpg\" alt=\"\" class=\"wp-image-45\" srcset=\"https:\/\/caroulepournous.fr\/wp-content\/uploads\/2023\/03\/itineraire-canada-etats-unis-mexique-dans-onglet-itineraire-zoom-1024x768.jpg 1024w, https:\/\/caroulepournous.fr\/wp-content\/uploads\/2023\/03\/itineraire-canada-etats-unis-mexique-dans-onglet-itineraire-zoom-300x225.jpg 300w, https:\/\/caroulepournous.fr\/wp-content\/uploads\/2023\/03\/itineraire-canada-etats-unis-mexique-dans-onglet-itineraire-zoom-768x576.jpg 768w, https:\/\/caroulepournous.fr\/wp-content\/uploads\/2023\/03\/itineraire-canada-etats-unis-mexique-dans-onglet-itineraire-zoom-1536x1152.jpg 1536w, https:\/\/caroulepournous.fr\/wp-content\/uploads\/2023\/03\/itineraire-canada-etats-unis-mexique-dans-onglet-itineraire-zoom-2048x1536.jpg 2048w, https:\/\/caroulepournous.fr\/wp-content\/uploads\/2023\/03\/itineraire-canada-etats-unis-mexique-dans-onglet-itineraire-zoom-1600x1200.jpg 1600w, https:\/\/caroulepournous.fr\/wp-content\/uploads\/2023\/03\/itineraire-canada-etats-unis-mexique-dans-onglet-itineraire-zoom-780x585.jpg 780w\" sizes=\"auto, (max-width: 1024px) 100vw, 1024px\" \/><\/figure>\n\n\n\n<h2 class=\"wp-block-heading\">3<sup>\u00e8me<\/sup> \u00e9tape&nbsp;: Afrique<\/h2>\n\n\n\n<p><\/p>\n\n\n\n<p>Presque aussi grand que la Belgique, le Lesotho est le seul \u00c9tat au monde dont l\u2019ensemble du territoire culmine au-dessus de 1 400m d\u2019altitude (et m\u00eame au-dessus de 1&nbsp;800&nbsp;m pour 80 % du pays).<br>L\u2019air est pur, les paysages sont grandioses et intacts, et les 2 millions d\u2019habitants sont tr\u00e8s hospitaliers.<br>Le petit royaume est un v\u00e9ritable bout d\u2019Afrique profonde : traditions \u00e0 fleur de peau, troupeaux, patelins perdus loin de tout, sans \u00e9lectricit\u00e9, sans t\u00e9l\u00e9phone, sans Internet, parfois accessibles au prix de pistes cors\u00e9es. Pas de circulation automobile pour d\u00e9ranger les troupeaux de ch\u00e8vres mohair sur le bord du sentier: c\u2019est nous qui devrons leur c\u00e9der le passage.<\/p>\n\n\n\n<p>Nous avions \u00e0 c\u0153ur de montrer \u00e0 nos enfants une diversit\u00e9 culturelle et une fa\u00e7on de vivre diff\u00e9rente de la n\u00f4tre, les rendre plus ouverts sur le monde serait une grande victoire pour nous.<\/p>\n\n\n\n<p><\/p>\n\n\n\n<p class=\"has-black-color has-text-color\">Le Swaziland s&rsquo;appelle d\u00e9sormais le Royaume d&rsquo;Eswatini. Voil\u00e0 un des pays les plus m\u00e9connus du monde. Ses traditions pr\u00e9serv\u00e9es sont parmi les plus remarquables et color\u00e9es du continent africain, m\u00eame si elles ne sautent pas aux yeux du visiteur de passage.<br>Royaume paisible, le Swaziland, alterne montagnes et vall\u00e9es verdoyantes et s\u00e9duit par son m\u00e9tissage. La population est d\u2019une grande douceur, particuli\u00e8rement accueillante et souriante.<\/p>\n\n\n\n<p>Ces aspects riants ne doivent pas masquer toutefois un sombre tableau : 63 % de la population vit sous le seuil national de pauvret\u00e9, et le sida fait des ravages, avec pr\u00e8s de 35 % de la population touch\u00e9e (chiffre officieux mais bien r\u00e9el) et une esp\u00e9rance de vie qui a chut\u00e9 \u00e0 52 ans depuis l\u2019explosion de l\u2019\u00e9pid\u00e9mie.<\/p>\n\n\n\n<p>Nous esp\u00e9rons pouvoir rencontrer une tribu et conna\u00eetre leurs traditions.<\/p>\n\n\n\n<p>Pour arriver au Lesotho, relier le Lesotho et le Swaziland, repartir pour la France, nous passerons par l\u2019Afrique du Sud, mosa\u00efque de steppes, de savanes, de montagnes, de zones d\u00e9sertiques, de plages aux eaux turquoise, de grandes villes \u00e0 l\u2019am\u00e9ricaine, de petits villages zoulous hors du temps<\/p>\n\n\n\n<p>C\u2019est un pays si charg\u00e9 en histoire. Ils ne le savent pas encore mais Agathe et Antoine auront un cours sur l\u2019apartheid et Nelson Mandela. Et comme nous leur avons promis, nous visiterons un parc pour voir les Big Five&nbsp;!<\/p>\n\n\n\n<figure class=\"wp-block-image size-large\"><img loading=\"lazy\" decoding=\"async\" width=\"1024\" height=\"544\" src=\"https:\/\/xn--aroulepournous-fjb.fr\/wp-content\/uploads\/2023\/03\/itineraire-afrique-dans-iitineraire-1024x544.jpg\" alt=\"\" class=\"wp-image-42\" srcset=\"https:\/\/caroulepournous.fr\/wp-content\/uploads\/2023\/03\/itineraire-afrique-dans-iitineraire-1024x544.jpg 1024w, https:\/\/caroulepournous.fr\/wp-content\/uploads\/2023\/03\/itineraire-afrique-dans-iitineraire-300x159.jpg 300w, https:\/\/caroulepournous.fr\/wp-content\/uploads\/2023\/03\/itineraire-afrique-dans-iitineraire-768x408.jpg 768w, https:\/\/caroulepournous.fr\/wp-content\/uploads\/2023\/03\/itineraire-afrique-dans-iitineraire-1536x816.jpg 1536w, https:\/\/caroulepournous.fr\/wp-content\/uploads\/2023\/03\/itineraire-afrique-dans-iitineraire-2048x1088.jpg 2048w, https:\/\/caroulepournous.fr\/wp-content\/uploads\/2023\/03\/itineraire-afrique-dans-iitineraire-1600x850.jpg 1600w, https:\/\/caroulepournous.fr\/wp-content\/uploads\/2023\/03\/itineraire-afrique-dans-iitineraire-780x414.jpg 780w\" sizes=\"auto, (max-width: 1024px) 100vw, 1024px\" \/><\/figure>\n\n\n\n<p><\/p>\n\n\n\n<figure class=\"wp-block-image size-large\"><img loading=\"lazy\" decoding=\"async\" width=\"1024\" height=\"1024\" src=\"https:\/\/xn--aroulepournous-fjb.fr\/wp-content\/uploads\/2023\/03\/itineraire-afrique-dans-iitineraire-zoom-1024x1024.jpg\" alt=\"\" class=\"wp-image-43\" srcset=\"https:\/\/caroulepournous.fr\/wp-content\/uploads\/2023\/03\/itineraire-afrique-dans-iitineraire-zoom-1024x1024.jpg 1024w, https:\/\/caroulepournous.fr\/wp-content\/uploads\/2023\/03\/itineraire-afrique-dans-iitineraire-zoom-300x300.jpg 300w, https:\/\/caroulepournous.fr\/wp-content\/uploads\/2023\/03\/itineraire-afrique-dans-iitineraire-zoom-150x150.jpg 150w, https:\/\/caroulepournous.fr\/wp-content\/uploads\/2023\/03\/itineraire-afrique-dans-iitineraire-zoom-768x768.jpg 768w, https:\/\/caroulepournous.fr\/wp-content\/uploads\/2023\/03\/itineraire-afrique-dans-iitineraire-zoom-1536x1536.jpg 1536w, https:\/\/caroulepournous.fr\/wp-content\/uploads\/2023\/03\/itineraire-afrique-dans-iitineraire-zoom-2048x2048.jpg 2048w, https:\/\/caroulepournous.fr\/wp-content\/uploads\/2023\/03\/itineraire-afrique-dans-iitineraire-zoom-1600x1600.jpg 1600w, https:\/\/caroulepournous.fr\/wp-content\/uploads\/2023\/03\/itineraire-afrique-dans-iitineraire-zoom-780x780.jpg 780w\" sizes=\"auto, (max-width: 1024px) 100vw, 1024px\" \/><\/figure>\n\n\n\n<p>Cet itin\u00e9raire n\u2019est pas d\u00e9finitif. A ce jour, nous avons seulement notre billet aller pour Calgary. Nous nous sommes promis de nous \u00e9couter les uns les autres et d\u2019adapter le trajet en fonction des besoins.<\/p>\n\n\n\n<blockquote class=\"wp-block-quote is-layout-flow wp-block-quote-is-layout-flow\">\n<p>Il n&rsquo;y&nbsp;a point de&nbsp;chemin vers le bonheur, le bonheur est le chemin.<\/p>\n<cite>Lao Tseu<\/cite><\/blockquote>\n","protected":false},"excerpt":{"rendered":"<p>Voil\u00e0, nous y sommes ! Il y a quelques ann\u00e9es, les parents ont fait leurs propres roads trips. Depuis nos retours respectifs, nous avons repris le travail, agrandit notre famille, mis de c\u00f4t\u00e9 chaque mois pour r\u00e9aliser un de nos r\u00eaves\u00a0: repartir avec notre petite tribu pour un tour du monde en v\u00e9lo (enfin presque). &hellip;<\/p>\n","protected":false},"author":1,"featured_media":0,"parent":0,"menu_order":0,"comment_status":"open","ping_status":"open","template":"","meta":{"footnotes":""},"class_list":["post-2","page","type-page","status-publish","hentry","entry entry-center"],"jetpack_sharing_enabled":true,"_links":{"self":[{"href":"https:\/\/caroulepournous.fr\/index.php\/wp-json\/wp\/v2\/pages\/2","targetHints":{"allow":["GET"]}}],"collection":[{"href":"https:\/\/caroulepournous.fr\/index.php\/wp-json\/wp\/v2\/pages"}],"about":[{"href":"https:\/\/caroulepournous.fr\/index.php\/wp-json\/wp\/v2\/types\/page"}],"author":[{"embeddable":true,"href":"https:\/\/caroulepournous.fr\/index.php\/wp-json\/wp\/v2\/users\/1"}],"replies":[{"embeddable":true,"href":"https:\/\/caroulepournous.fr\/index.php\/wp-json\/wp\/v2\/comments?post=2"}],"version-history":[{"count":11,"href":"https:\/\/caroulepournous.fr\/index.php\/wp-json\/wp\/v2\/pages\/2\/revisions"}],"predecessor-version":[{"id":172,"href":"https:\/\/caroulepournous.fr\/index.php\/wp-json\/wp\/v2\/pages\/2\/revisions\/172"}],"wp:attachment":[{"href":"https:\/\/caroulepournous.fr\/index.php\/wp-json\/wp\/v2\/media?parent=2"}],"curies":[{"name":"wp","href":"https:\/\/api.w.org\/{rel}","templated":true}]}}